{"id":591,"date":"2016-12-29T22:20:28","date_gmt":"2016-12-29T21:20:28","guid":{"rendered":"http:\/\/cr-photos.com\/cats-rockets-de\/?page_id=591"},"modified":"2023-01-26T20:42:43","modified_gmt":"2023-01-26T19:42:43","slug":"licensing","status":"publish","type":"page","link":"https:\/\/cr-photos.com\/cats-rockets-de\/licensing\/","title":{"rendered":"Licensing"},"content":{"rendered":"<div class=\"wpb-content-wrapper\"><p>[vc_row][vc_column width=&#8220;1\/1&#8243;][vc_column_text]<\/p>\n<h1>Allgemeine Gesch\u00e4ftsbedingungen<\/h1>\n<h2>1. Vertragspartner<\/h2>\n<p>Cats&#8217;n Rockets Photography<br \/>\nwww.cats-rockets.com<\/p>\n<p>Bj\u00f6rn Engelke<br \/>\nKleinfeldstr. 31<br \/>\n82110 Germering<\/p>\n<p>Mobil: +49 172 8117196<br \/>\nMail: <a href=\"mailto:bjoern.engelke@cats-rockets.com\">bjoern.engelke(at)cats-rockets.com<\/a><\/p>\n<h2>2. Geltungsbereich<\/h2>\n<p>Die folgenden Konditionen gelten f\u00fcr alle von uns durchgef\u00fchrten Angebote, Auftr\u00e4ge, Lieferungen und Leistungen. Mit Entgegennahme der Lieferung bzw. Leistung gelten sie als vereinbart. Abweichende Gesch\u00e4ftsbedingungen des Kunden werden nur wirksam, wenn sie von uns schriftlich anerkannt werden. Ein Widerspruch des Vertragspartners muss ebenfalls schriftlich erfolgen.<\/p>\n<h2>3. Zustandekommen des Vertrags<\/h2>\n<p>Der Vertrag kommt zustande, wenn die Bestellung von uns best\u00e4tigt wurde, sp\u00e4testens jedoch mit Lieferung.<\/p>\n<h2>4. Preise<\/h2>\n<p>Bei Postversand (z.B. Dateien auf CD) gelten die Preise zzgl. Versandkosten<\/p>\n<h3>4.1 Private Nutzung<\/h3>\n<ul>\n<li>Bilddatei gr\u00f6\u00dfte verf\u00fcgbare Aufl\u00f6sung: 25 Euro \/ St\u00fcck<\/li>\n<\/ul>\n<h3>4.2 Gewerbliche Nutzung (z.B. Merchandise, Poster etc.)<\/h3>\n<ul>\n<li>Preise nach Absprache<\/li>\n<\/ul>\n<h3>4.3 Preise Online- und Printmedien<\/h3>\n<p>F\u00fcr Medien (redaktionelle Ver\u00f6ffentlichung Online- und Printmedien, B\u00fccher etc.) und Bilder gilt:<br \/>\nPreise m\u00fcssen vor Ver\u00f6ffentlichung ausdr\u00fccklich und schriftlich mit uns vereinbart werden. Im Zweifelsfall richten wir uns nach der aktuellen MFM-Liste der Mittelstandsgemeinschaft Foto-Marketing. Der vereinbarte Preis gilt f\u00fcr die einmalige Verwendung. Bei einer Zweitverwendung f\u00e4llt das Honorar erneut an.<\/p>\n<h2>5. Zahlung<\/h2>\n<p>Lieferung grunds\u00e4tzlich nur gegen Vorkasse. Die Zahlung kann entweder per \u00dcberweisung auf unser Bankkonto oder per PayPal erfolgen. Bis zur vollst\u00e4ndigen Zahlung bleibt die Ware unser Eigentum.<\/p>\n<h2>6. Lieferung<\/h2>\n<ul>\n<li>Versandkosten Deutschland: 3-8 Euro<\/li>\n<li>Versandkosten Ausland: 6-11 Euro<\/li>\n<\/ul>\n<p>Beim Kauf von digitalen Produkten wird der Versand per Email oder Downloadlink erfolgen. In diesem Fall entfallen die Versandkosten.<\/p>\n<p>Die Lieferung der Bilddateien erfolgt in der Regel innerhalb von 7 Tagen nach Zahlungseingang. Eine Haftung f\u00fcr zu sp\u00e4te Lieferungen oder Nicht-Lieferungen schlie\u00dfen wir aus.<\/p>\n<h5>Hinweis:<\/h5>\n<p>Vor Auslieferung eines Bildes wird dieses von uns optimal beschnitten, um unn\u00f6tigen Hintergrund zu vermeiden. Sollten Sie dies nicht w\u00fcnschen, informieren Sie uns bitte hier\u00fcber bei Bestellung. Dar\u00fcber hinaus bitten wir zu beachten, dass bei Bildabz\u00fcgen ca. 3% des Bildrandes wegfallen k\u00f6nnen. Dies hat produktionstechnische Gr\u00fcnde beim Druck.<\/p>\n<h2>7. Nutzungsrecht<\/h2>\n<p>Wir bitten zum folgenden Text zu beachten, dass unter &#8222;Dritte&#8220; Personen oder Firmen zu verstehen sind, die mit den Fotos ihre Produkte bewerben oder einen kommerziellen Nutzen damit erzielen. Alle hier genannten und vereinbarten Preise gelten nicht f\u00fcr die Exklusiv-Nutzung von Fotos, wenn nicht ausdr\u00fccklich und schriftlich vereinbart. Der K\u00e4ufer stimmt einer weiteren, zeitlich unbegrenzten Nutzung der Bilder durch den Fotografen ausdr\u00fccklich zu.<br \/>\nExklusive Nutzungsrechte bed\u00fcrfen einer ausdr\u00fccklichen und schriftlichen Vereinbarung und bedingen einen Aufschlag von mindestens 100% auf das jeweilige Honorar.<\/p>\n<h3>7.1 Nutzungsrecht Fotoabz\u00fcge \/ Druck<\/h3>\n<p>Mit Kauf eines Papierabzugs oder eines anderen Druckerzeugnisses erwerben Sie folgende Rechte:<\/p>\n<ul>\n<li>zur Nutzung dieses Druckerzeugnisses<\/li>\n<li>zur kostenlosen Weitergabe des Drucks (Geschenk)<\/li>\n<\/ul>\n<p>Folgendes ist jedoch nicht gestattet, wenn nicht ausdr\u00fccklich anders vereinbart:<\/p>\n<ul>\n<li>Einscannen \/ Digitalisieren des Bildes<\/li>\n<li>Nutzung im Internet<\/li>\n<li>Vervielf\u00e4ltigung des Bildes (z.B. Bild-von-Bild-Abzug)<\/li>\n<li>Weiterverkauf des Bildes an Dritte<\/li>\n<\/ul>\n<h2>7.2 Nutzungsrecht Dateien<\/h2>\n<p>Mit Kauf einer Fotodatei erwerben Sie folgende Rechte:<\/p>\n<ul>\n<li>Ver\u00f6ffentlichung des Bildes in Ihrem Profil bei Sozialen Netzwerken (z.B. Facebook)<\/li>\n<li>Ver\u00f6ffentlichung des Bildes auf Ihrer eigenen Webseite<\/li>\n<li>Erstellung von Ausdrucken \/ Bildabz\u00fcgen und deren Weitergabe an Dritte (Geschenk)<\/li>\n<li>Nutzung in Verkaufsanzeigen, Katalogen f\u00fcr eigene Zwecke<\/li>\n<\/ul>\n<p>Folgendes ist jedoch nicht gestattet, wenn nicht ausdr\u00fccklich anders vereinbart:<\/p>\n<ul>\n<li>kostenlose Weitergabe der Datei an Dritte<\/li>\n<li>Weiterverkauf von Ausdrucken \/ Bildabz\u00fcgen oder der Datei an Dritte<\/li>\n<li>\u00dcbertragung des Nutzungsrechts an Dritte<\/li>\n<\/ul>\n<p>Die Fotos d\u00fcrfen ohne Genehmigung der Fotografen nicht nachgebildet, umgearbeitet oder manipuliert werden.<br \/>\nAusgeliefert werden Dateien in der Regel im Format jpg, jpeg. Andere Formate sind auf Anfrage m\u00f6glich. Im Falle einer gewerblichen Nutzung und Weitergabe zu Druckzwecken steht das g\u00e4ngige Austauschformate TIF zur Verf\u00fcgung.<\/p>\n<h3>7.3 Nutzungsrecht Medien und Druckerzeugnisse<\/h3>\n<p>Mit Kauf erwerben Sie folgende Rechte:<\/p>\n<ul>\n<li>einfache \/ einmalige Ver\u00f6ffentlichung im vereinbarten Medium, Publikation bzw. Datentr\u00e4ger<\/li>\n<\/ul>\n<p>Unmittelbar nach Ver\u00f6ffentlichung erwarten wir die kostenfreie Zusendung eines Belegexemplars.<\/p>\n<p>Folgendes ist jedoch nicht gestattet, wenn nicht ausdr\u00fccklich anders vereinbart:<\/p>\n<ul>\n<li>mehrfache Ver\u00f6ffentlichung<\/li>\n<li>jegliche Weitergabe an Dritte (auch verbundene Unternehmen)<\/li>\n<li>au\u00dferdem gelten die o.g. Ausschl\u00fcsse gem\u00e4\u00df &#8222;Nutzungsrecht Dateien&#8220;<\/li>\n<\/ul>\n<h2>8. Urheberrecht<\/h2>\n<p>Bei jeglicher Ver\u00f6ffentlichung von Bildmaterial hat der Fotograf ein Recht auf Nennung seines Namens. Zu diesem Zweck liefern wir unser Bildmaterial in der Regel &#8211; wenn nicht ausdr\u00fccklich anders vereinbart &#8211; mit Fotografenlogo. Wir bitten jedoch darauf zu achten, dass bei der Ver\u00f6ffentlichung im Internet und bei Druckerzeugnissen (auch Zeitschriften, B\u00fccher, Werbeflyer, Bannerwerbung etc.) auf den Namen des Fotografen hingewiesen wird.<br \/>\nDie Nennung kann dann z.B. wie folgt lauten: &#8222;Foto: Bj\u00f6rn Engelke &#8211; www.cats-rockets.com&#8220;. Dieser muss in zweifelsfreier Zuordnung zum Bild erfolgen. Sollten Sie Bilder ohne Logo ben\u00f6tigen oder wollen Sie den Fotografen nicht nennen, bitten wir um Kontaktaufnahme vor Kauf, damit wir eine entsprechende Vereinbarung treffen k\u00f6nnen.<\/p>\n<h2>9. Widerrufsrecht<\/h2>\n<p>Wir liefern ausschlie\u00dflich Waren, die nach Kundenspezifikation angefertigt werden oder eindeutig auf die pers\u00f6nlichen Bed\u00fcrfnisse zugeschnitten sind. Daher besteht kein gesetzliches Widerrufsrecht nach \u00a7312dBGB.<\/p>\n<h2>10. Gew\u00e4hrleistung und Haftung<\/h2>\n<p>Sollten Sie wider Erwarten mit einer Lieferung nicht zufrieden sein, bitten wir unbedingt um Kontaktaufnahme!<\/p>\n<p>Bez\u00fcglich der Ver\u00f6ffentlichung von Bildern bitten wir zu beachten, dass je nach Nutzung ggf. ein Model Release oder ein Property Release erforderlich ist. Wenn nicht ausdr\u00fccklich und schriftlich anders vereinbart, ist dies nicht im Preis enthalten. Der K\u00e4ufer ist selber f\u00fcr das Einholen dieses Einverst\u00e4ndnisses verantwortlich.<\/p>\n<h2>11. Vertragsstrafe und Schadensersatz<\/h2>\n<p>Jede Nutzung, Verwertung, Vervielf\u00e4ltigung, Verbreitung oder Ver\u00f6ffentlichung (auch von Bildern mit Wasserzeichen) ist honorarpflichtig und bedarf unserer vorherigen ausdr\u00fccklichen Zustimmung. Bei Versto\u00df bzw. nicht genehmigter Ver\u00f6ffentlichung bzw. Verbreitung, Ver\u00e4nderung der Bilddateien, unberechtigter Entfernung des Fotografenlogos oder bei sonstigen Verst\u00f6\u00dfen gegen das Nutzungsrecht berechnen wir den f\u00fcnffachen regul\u00e4ren Satz.<br \/>\nWird kein Bildquellenachweises (Urhebervermerk + Agenturvermerk) ver\u00f6ffentlicht bzw. kann dieser nicht zweifelsfrei dem abgebildeten Foto zugeordnet werden, wird der Honorarsatz ein weiteres Mal zu 100% in Rechnung gestellt.<\/p>\n<h2>13. Sonstiges<\/h2>\n<p>Erf\u00fcllungsort f\u00fcr mit uns abgeschlossene Vertr\u00e4ge ist D-82110 Germering. Gerichtsstand ist M\u00fcnchen. Vertragssprache ist deutsch. Die Anwendung deutschen Rechts gilt als vereinbart, auch wenn der Vertragspartner seinen Sitz im Ausland hat. UN-Recht gilt als ausgeschlossen.<br \/>\nSollte eine oder mehrere Bestimmungen dieses Vertrages oder der Allgemeinen Gesch\u00e4ftsbedingungen unwirksam sein bzw. werden oder sollte der Vertrag unvollst\u00e4ndig sein, so wird der Vertrag im \u00dcbrigen davon nicht ber\u00fchrt.[\/vc_column_text][\/vc_column][\/vc_row]<\/p>\n<\/div>","protected":false},"excerpt":{"rendered":"<p>[vc_row][vc_column width=&#8220;1\/1&#8243;][vc_column_text] Allgemeine Gesch\u00e4ftsbedingungen 1. Vertragspartner Cats&#8217;n Rockets Photography www.cats-rockets.com Bj\u00f6rn Engelke Kleinfeldstr. 31 82110 Germering Mobil: +49 172 8117196 [&hellip;]<\/p>\n","protected":false},"author":1,"featured_media":0,"parent":0,"menu_order":0,"comment_status":"closed","ping_status":"closed","template":"","meta":{"_exactmetrics_skip_tracking":false,"_exactmetrics_sitenote_active":false,"_exactmetrics_sitenote_note":"","_exactmetrics_sitenote_category":0,"footnotes":""},"class_list":["post-591","page","type-page","status-publish","hentry"],"_links":{"self":[{"href":"https:\/\/cr-photos.com\/cats-rockets-de\/wp-json\/wp\/v2\/pages\/591","targetHints":{"allow":["GET"]}}],"collection":[{"href":"https:\/\/cr-photos.com\/cats-rockets-de\/wp-json\/wp\/v2\/pages"}],"about":[{"href":"https:\/\/cr-photos.com\/cats-rockets-de\/wp-json\/wp\/v2\/types\/page"}],"author":[{"embeddable":true,"href":"https:\/\/cr-photos.com\/cats-rockets-de\/wp-json\/wp\/v2\/users\/1"}],"replies":[{"embeddable":true,"href":"https:\/\/cr-photos.com\/cats-rockets-de\/wp-json\/wp\/v2\/comments?post=591"}],"version-history":[{"count":8,"href":"https:\/\/cr-photos.com\/cats-rockets-de\/wp-json\/wp\/v2\/pages\/591\/revisions"}],"predecessor-version":[{"id":5130,"href":"https:\/\/cr-photos.com\/cats-rockets-de\/wp-json\/wp\/v2\/pages\/591\/revisions\/5130"}],"wp:attachment":[{"href":"https:\/\/cr-photos.com\/cats-rockets-de\/wp-json\/wp\/v2\/media?parent=591"}],"curies":[{"name":"wp","href":"https:\/\/api.w.org\/{rel}","templated":true}]}}